{"id":1513,"date":"2023-04-23T17:58:50","date_gmt":"2023-04-23T17:58:50","guid":{"rendered":"https:\/\/www.norikaindustrial.at\/?page_id=1513"},"modified":"2023-04-23T17:59:07","modified_gmt":"2023-04-23T17:59:07","slug":"cookies","status":"publish","type":"page","link":"https:\/\/www.norikaindustrial.at\/?page_id=1513","title":{"rendered":"Cookie-Zustimmungsrichtlinie"},"content":{"rendered":"\n<p>Bei Norika Industrial nehmen wir den Datenschutz ernst. Wir verwenden Cookies, um sicherzustellen, dass unsere Website ordnungsgem\u00e4\u00df funktioniert und um Ihr Benutzererlebnis zu verbessern. Wenn Sie unsere Website nutzen, stimmen Sie der Verwendung von Cookies gem\u00e4\u00df dieser Richtlinie zu.<\/p>\n\n\n\n<p>Was sind Cookies?<\/p>\n\n\n\n<p>Cookies sind kleine Textdateien, die von Websites, die Sie besuchen, auf Ihrem Computer oder Mobilger\u00e4t gespeichert werden. Sie dienen dazu, die Funktionalit\u00e4t der Website zu verbessern und Informationen f\u00fcr die Websitebetreiber bereitzustellen.<\/p>\n\n\n\n<p>Welche Cookies verwenden wir?<\/p>\n\n\n\n<p>Wir verwenden verschiedene Arten von Cookies auf unserer Website, einschlie\u00dflich:<\/p>\n\n\n\n<ul>\n<li>Technisch notwendige Cookies: Diese Cookies sind erforderlich, um die Funktionalit\u00e4t der Website zu gew\u00e4hrleisten, z.B. um die Anmeldung zu erm\u00f6glichen.<\/li>\n\n\n\n<li>Analytische Cookies: Diese Cookies werden verwendet, um das Nutzerverhalten auf der Website zu analysieren und die Website f\u00fcr die Nutzer zu optimieren.<\/li>\n\n\n\n<li>Marketing-Cookies: Diese Cookies werden verwendet, um personalisierte Werbung f\u00fcr die Nutzer zu schalten.<\/li>\n<\/ul>\n\n\n\n<p>Wie k\u00f6nnen Sie Cookies ablehnen oder l\u00f6schen?<\/p>\n\n\n\n<p>Sie k\u00f6nnen Cookies \u00fcber die Einstellungen Ihres Browsers ablehnen oder l\u00f6schen. Bitte beachten Sie jedoch, dass bestimmte Funktionen unserer Website m\u00f6glicherweise nicht mehr funktionieren, wenn Sie Cookies deaktivieren.<\/p>\n\n\n\n<p>Wie lange werden Cookies gespeichert?<\/p>\n\n\n\n<p>Die meisten Cookies werden f\u00fcr einen begrenzten Zeitraum gespeichert, z.B. f\u00fcr die Dauer Ihrer Browsersitzung oder f\u00fcr eine bestimmte Anzahl von Tagen. Andere Cookies k\u00f6nnen jedoch l\u00e4nger gespeichert werden, z.B. um Ihre Einstellungen zu speichern.<\/p>\n\n\n\n<p>Kontakt<\/p>\n\n\n\n<p>Wenn Sie Fragen oder Bedenken bez\u00fcglich unserer Cookie-Zustimmungsrichtlinie haben, kontaktieren Sie uns bitte \u00fcber die in unserem Impressum angegebene E-Mail-Adresse.<\/p>\n","protected":false},"excerpt":{"rendered":"<p>Bei Norika Industrial nehmen wir den Datenschutz ernst. Wir verwenden Cookies, um sicherzustellen, dass unsere Website ordnungsgem\u00e4\u00df funktioniert und um Ihr Benutzererlebnis zu verbessern. Wenn Sie unsere Website nutzen, stimmen Sie der Verwendung von Cookies gem\u00e4\u00df dieser Richtlinie zu. Was sind Cookies? Cookies sind kleine Textdateien, die von Websites, die Sie besuchen, auf Ihrem Computer &hellip;<\/p>\n<p class=\"read-more\"> <a class=\"\" href=\"https:\/\/www.norikaindustrial.at\/?page_id=1513\"> <span class=\"screen-reader-text\">Cookie-Zustimmungsrichtlinie<\/span> Read More &raquo;<\/a><\/p>\n","protected":false},"author":1,"featured_media":0,"parent":0,"menu_order":0,"comment_status":"closed","ping_status":"closed","template":"","meta":{"om_disable_all_campaigns":false,"_uag_custom_page_level_css":"","_mi_skip_tracking":false,"site-sidebar-layout":"default","site-content-layout":"default","ast-global-header-display":"","ast-main-header-display":"","ast-hfb-above-header-display":"","ast-hfb-below-header-display":"","ast-hfb-mobile-header-display":"","site-post-title":"","ast-breadcrumbs-content":"","ast-featured-img":"","footer-sml-layout":"","theme-transparent-header-meta":"","adv-header-id-meta":"","stick-header-meta":"","header-above-stick-meta":"","header-main-stick-meta":"","header-below-stick-meta":""},"aioseo_notices":[],"uagb_featured_image_src":{"full":false,"thumbnail":false,"medium":false,"medium_large":false,"large":false,"1536x1536":false,"2048x2048":false},"uagb_author_info":{"display_name":"norika","author_link":"https:\/\/www.norikaindustrial.at\/?author=1"},"uagb_comment_info":0,"uagb_excerpt":"Bei Norika Industrial nehmen wir den Datenschutz ernst. Wir verwenden Cookies, um sicherzustellen, dass unsere Website ordnungsgem\u00e4\u00df funktioniert und um Ihr Benutzererlebnis zu verbessern. Wenn Sie unsere Website nutzen, stimmen Sie der Verwendung von Cookies gem\u00e4\u00df dieser Richtlinie zu. Was sind Cookies? Cookies sind kleine Textdateien, die von Websites, die Sie besuchen, auf Ihrem Computer&hellip;","_links":{"self":[{"href":"https:\/\/www.norikaindustrial.at\/index.php?rest_route=\/wp\/v2\/pages\/1513"}],"collection":[{"href":"https:\/\/www.norikaindustrial.at\/index.php?rest_route=\/wp\/v2\/pages"}],"about":[{"href":"https:\/\/www.norikaindustrial.at\/index.php?rest_route=\/wp\/v2\/types\/page"}],"author":[{"embeddable":true,"href":"https:\/\/www.norikaindustrial.at\/index.php?rest_route=\/wp\/v2\/users\/1"}],"replies":[{"embeddable":true,"href":"https:\/\/www.norikaindustrial.at\/index.php?rest_route=%2Fwp%2Fv2%2Fcomments&post=1513"}],"version-history":[{"count":1,"href":"https:\/\/www.norikaindustrial.at\/index.php?rest_route=\/wp\/v2\/pages\/1513\/revisions"}],"predecessor-version":[{"id":1514,"href":"https:\/\/www.norikaindustrial.at\/index.php?rest_route=\/wp\/v2\/pages\/1513\/revisions\/1514"}],"wp:attachment":[{"href":"https:\/\/www.norikaindustrial.at\/index.php?rest_route=%2Fwp%2Fv2%2Fmedia&parent=1513"}],"curies":[{"name":"wp","href":"https:\/\/api.w.org\/{rel}","templated":true}]}}